{"id":60,"date":"2019-04-12T15:50:18","date_gmt":"2019-04-12T13:50:18","guid":{"rendered":"https:\/\/bonne-esperance-gallery.com\/?page_id=60"},"modified":"2023-08-25T12:10:20","modified_gmt":"2023-08-25T10:10:20","slug":"contact","status":"publish","type":"page","link":"https:\/\/bonne-esperance-gallery.com\/fr\/contact\/","title":{"rendered":"contact"},"content":{"rendered":"<p>bonne esp\u00e9rance galerie<br \/>\n3 rue notre dame de bonne nouvelle<br \/>\n75002 paris<\/p>\n<p>Horaires: mardi-samedi 12:00-19:00 ou sur rendez-vous<\/p>\n<p>\u2014<br \/>\nrepr\u00e9sent\u00e9 par scott billy<br \/>\n<strong><a href=\"mailto:&#105;&#110;&#102;&#111;&#64;b&#111;nn&#101;-esp&#101;r&#97;n&#99;&#101;-g&#97;&#108;ler&#121;.com\">&#105;&#110;fo&#64;&#98;&#111;&#110;ne&#45;&#101;sp&#101;&#114;&#97;nc&#101;-g&#97;&#108;&#108;ery.&#99;&#111;m<\/a><\/strong><br \/>\n\u2014<br \/>\n<strong>acc\u00e8s :<\/strong><br \/>\nm\u00e9tro line 8 bonne nouvelle<\/p>\n<p>m\u00e9tro line 4 strasbourg saint-denis<\/p>\n<p>m\u00e9tro line 3 sentier<\/p>\n<p>&nbsp;<\/p>\n","protected":false},"excerpt":{"rendered":"<p>bonne esp\u00e9rance galerie 3 rue notre dame de bonne nouvelle 75002 paris Horaires: mardi-samedi 12:00-19:00 ou sur rendez-vous \u2014 repr\u00e9sent\u00e9 par scott billy \u2014 acc\u00e8s : m\u00e9tro line 8 bonne nouvelle m\u00e9tro line 4 strasbourg saint-denis m\u00e9tro line 3 sentier &nbsp;<\/p>\n","protected":false},"author":1,"featured_media":0,"parent":0,"menu_order":0,"comment_status":"closed","ping_status":"closed","template":"page-template-contact.php","meta":{"_acf_changed":false,"footnotes":""},"class_list":["post-60","page","type-page","status-publish","hentry"],"acf":[],"jetpack_sharing_enabled":true,"_links":{"self":[{"href":"https:\/\/bonne-esperance-gallery.com\/fr\/wp-json\/wp\/v2\/pages\/60"}],"collection":[{"href":"https:\/\/bonne-esperance-gallery.com\/fr\/wp-json\/wp\/v2\/pages"}],"about":[{"href":"https:\/\/bonne-esperance-gallery.com\/fr\/wp-json\/wp\/v2\/types\/page"}],"author":[{"embeddable":true,"href":"https:\/\/bonne-esperance-gallery.com\/fr\/wp-json\/wp\/v2\/users\/1"}],"replies":[{"embeddable":true,"href":"https:\/\/bonne-esperance-gallery.com\/fr\/wp-json\/wp\/v2\/comments?post=60"}],"version-history":[{"count":43,"href":"https:\/\/bonne-esperance-gallery.com\/fr\/wp-json\/wp\/v2\/pages\/60\/revisions"}],"predecessor-version":[{"id":3458,"href":"https:\/\/bonne-esperance-gallery.com\/fr\/wp-json\/wp\/v2\/pages\/60\/revisions\/3458"}],"wp:attachment":[{"href":"https:\/\/bonne-esperance-gallery.com\/fr\/wp-json\/wp\/v2\/media?parent=60"}],"curies":[{"name":"wp","href":"https:\/\/api.w.org\/{rel}","templated":true}]}}