{"id":68,"date":"2019-04-12T15:54:07","date_gmt":"2019-04-12T13:54:07","guid":{"rendered":"https:\/\/bonne-esperance-gallery.com\/?page_id=68"},"modified":"2023-09-24T15:36:53","modified_gmt":"2023-09-24T13:36:53","slug":"a-propos","status":"publish","type":"page","link":"https:\/\/bonne-esperance-gallery.com\/fr\/a-propos\/","title":{"rendered":"\u00e0 propos"},"content":{"rendered":"<p>La galerie <strong>Bonne Esp\u00e9rance<\/strong> est une invitation \u00e0 d\u00e9couvrir l\u2019\u00e9bullition cr\u00e9ative contemporaine de l\u2019Afrique du Sud.<\/p>\n<p>Situ\u00e9e au c\u0153ur de Paris, au 3 rue Notre Dame de Bonne Nouvelle dans le deuxi\u00e8me arrondissement, la galerie expose des signatures \u00e9mergentes et confirm\u00e9es \u00e0 la crois\u00e9e des champs d\u2019explorations de l\u2019art, de l\u2019artisanat et du design.<\/p>\n<p>Du Cap \u00e0 Johannesburg, de Durban \u00e0 Pretoria, <strong>Bonne Esp\u00e9rance<\/strong> est une plong\u00e9e dans la g\u00e9ographie cr\u00e9ative de l\u2019Afrique du Sud et des pays limitrophes, Lesotho, Swaziland, Botswana, Namibie.<\/p>\n<p>Ouverte aux curieux, aux amateurs et aux collectionneurs, la galerie <strong>Bonne Esp\u00e9rance<\/strong> est une nouvelle voix donn\u00e9e \u00e0 cette sc\u00e8ne artistique singuli\u00e8re en Afrique par son authenticit\u00e9, ses influences crois\u00e9es et son ouverture sur le monde.<\/p>\n<p>Fond\u00e9e par Scott Billy en 2019, la galerie offre une programmation r\u00e9guli\u00e8re exposant artistes, designers et artisans \u00e9mergents et confirm\u00e9s tous li\u00e9s par des affinit\u00e9s \u00e9lectives, cr\u00e9atifs repr\u00e9sentatifs de la sc\u00e8ne artistique africaine contemporaine.<\/p>\n","protected":false},"excerpt":{"rendered":"<p>La galerie Bonne Esp\u00e9rance est une invitation \u00e0 d\u00e9couvrir l\u2019\u00e9bullition cr\u00e9ative contemporaine de l\u2019Afrique du Sud. Situ\u00e9e au c\u0153ur de Paris, au 3 rue Notre Dame de Bonne Nouvelle dans le deuxi\u00e8me arrondissement, la galerie expose des signatures \u00e9mergentes et confirm\u00e9es \u00e0 la crois\u00e9e des champs d\u2019explorations de l\u2019art, de l\u2019artisanat et du design. Du [&hellip;]<\/p>\n","protected":false},"author":1,"featured_media":849,"parent":0,"menu_order":0,"comment_status":"closed","ping_status":"closed","template":"page-template-about.php","meta":{"_acf_changed":false,"footnotes":""},"class_list":["post-68","page","type-page","status-publish","has-post-thumbnail","hentry"],"acf":[],"jetpack_sharing_enabled":true,"_links":{"self":[{"href":"https:\/\/bonne-esperance-gallery.com\/fr\/wp-json\/wp\/v2\/pages\/68"}],"collection":[{"href":"https:\/\/bonne-esperance-gallery.com\/fr\/wp-json\/wp\/v2\/pages"}],"about":[{"href":"https:\/\/bonne-esperance-gallery.com\/fr\/wp-json\/wp\/v2\/types\/page"}],"author":[{"embeddable":true,"href":"https:\/\/bonne-esperance-gallery.com\/fr\/wp-json\/wp\/v2\/users\/1"}],"replies":[{"embeddable":true,"href":"https:\/\/bonne-esperance-gallery.com\/fr\/wp-json\/wp\/v2\/comments?post=68"}],"version-history":[{"count":9,"href":"https:\/\/bonne-esperance-gallery.com\/fr\/wp-json\/wp\/v2\/pages\/68\/revisions"}],"predecessor-version":[{"id":3472,"href":"https:\/\/bonne-esperance-gallery.com\/fr\/wp-json\/wp\/v2\/pages\/68\/revisions\/3472"}],"wp:featuredmedia":[{"embeddable":true,"href":"https:\/\/bonne-esperance-gallery.com\/fr\/wp-json\/wp\/v2\/media\/849"}],"wp:attachment":[{"href":"https:\/\/bonne-esperance-gallery.com\/fr\/wp-json\/wp\/v2\/media?parent=68"}],"curies":[{"name":"wp","href":"https:\/\/api.w.org\/{rel}","templated":true}]}}